{"id":1250,"date":"2025-07-17T17:33:11","date_gmt":"2025-07-17T15:33:11","guid":{"rendered":"https:\/\/peuty.fr\/?page_id=1250"},"modified":"2025-08-13T00:35:23","modified_gmt":"2025-08-12T22:35:23","slug":"savoir-faire","status":"publish","type":"page","link":"https:\/\/peuty.fr\/en\/savoir-faire\/","title":{"rendered":"Savoir-faire"},"content":{"rendered":"<div data-elementor-type=\"wp-page\" data-elementor-id=\"1250\" class=\"elementor elementor-1250\">\n\t\t\t\t\t\t<section class=\"elementor-section elementor-top-section elementor-element elementor-element-89359b7 elementor-section-full_width elementor-section-height-default elementor-section-height-default wpr-particle-no wpr-jarallax-no wpr-parallax-no wpr-sticky-section-no\" data-id=\"89359b7\" data-element_type=\"section\" data-settings=\"{&quot;background_background&quot;:&quot;classic&quot;}\">\n\t\t\t\t\t\t\t<div class=\"elementor-background-overlay\"><\/div>\n\t\t\t\t\t\t\t<div class=\"elementor-container elementor-column-gap-no\">\n\t\t\t\t\t<div class=\"elementor-column elementor-col-100 elementor-top-column elementor-element elementor-element-309e6ff\" data-id=\"309e6ff\" data-element_type=\"column\">\n\t\t\t<div class=\"elementor-widget-wrap elementor-element-populated\">\n\t\t\t\t\t\t<div class=\"elementor-element elementor-element-69dfa22 wpr-adv-slider-columns-1 wpr-adv-slider-columns--tablet1 wpr-adv-slider-columns--mobile1 wpr-adv-slides-to-scroll-1 wpr-slider-dots-horizontal wpr-slider-nav-position-custom elementor-widget elementor-widget-wpr-advanced-slider\" data-id=\"69dfa22\" data-element_type=\"widget\" data-settings=\"{&quot;slides_to_scroll&quot;:1,&quot;slider_autoplay&quot;:&quot;yes&quot;,&quot;slider_autoplay_duration&quot;:4,&quot;slider_loop&quot;:&quot;yes&quot;,&quot;slider_hide_video_content&quot;:&quot;yes&quot;,&quot;slider_video_btn_size&quot;:&quot;medium&quot;}\" data-widget_type=\"wpr-advanced-slider.default\">\n\t\t\t\t<div class=\"elementor-widget-container\">\n\t\t\t\t\t\n\t\t<!-- Advanced Slider -->\n\t\t<div class=\"wpr-advanced-slider-wrap\">\n\t\t\t\n\t\t\t<div class=\"wpr-advanced-slider\" dir=\"ltr\" data-slick=\"{&quot;rtl&quot;:false,&quot;infinite&quot;:true,&quot;speed&quot;:700,&quot;arrows&quot;:true,&quot;dots&quot;:true,&quot;autoplay&quot;:true,&quot;autoplaySpeed&quot;:4000,&quot;pauseOnHover&quot;:&quot;yes&quot;,&quot;prevArrow&quot;:&quot;#wpr-slider-prev-69dfa22&quot;,&quot;nextArrow&quot;:&quot;#wpr-slider-next-69dfa22&quot;,&quot;vertical&quot;:false,&quot;adaptiveHeight&quot;:true}\" data-hide-video-content=\"yes\" data-video-btn-size=\"{&quot;widescreen&quot;:&quot;medium&quot;,&quot;desktop&quot;:&quot;medium&quot;,&quot;laptop&quot;:&quot;medium&quot;,&quot;tablet_extra&quot;:&quot;medium&quot;,&quot;tablet&quot;:&quot;medium&quot;,&quot;mobile_extra&quot;:&quot;medium&quot;,&quot;mobile&quot;:&quot;medium&quot;}\" data-slide-effect=\"slide\">\n\t\t\t\t<div class=\"wpr-slider-item elementor-repeater-item-c2fc7e6\"><div class=\"wpr-slider-item-bg\" style=\"background-image: url(https:\/\/peuty.fr\/wp-content\/uploads\/2025\/07\/Eshange-2.jpg)\"><\/div><div class=\"wpr-slider-item-overlay\"><\/div><div class=\"wpr-cv-container\"><div class=\"wpr-cv-outer\"><div class=\"wpr-cv-inner\"><div class=\"wpr-slider-content\"><div class=\"wpr-slider-title\"><h2>Shaping sustainable <br>luxury<\/h2><\/div><div class=\"wpr-slider-description\"><p>Our workshop, located in Ch\u00e2teauroux, France, carries on the tradition of French excellence in craftsmanship while embracing environmentally responsible practices.<\/p><\/div><div class=\"wpr-slider-btns\"><\/div><\/div><\/div><\/div><\/div><\/div>\t\t\t<\/div>\n\t\t\t<div class=\"wpr-slider-controls\">\n\t\t\t\t<div class=\"wpr-slider-dots\"><\/div>\n\t\t\t<\/div>\n\n\t\t\t<div class=\"wpr-slider-arrow-container\">\n\t\t\t\t<div class=\"wpr-slider-prev-arrow wpr-slider-arrow\" id=\"wpr-slider-prev-69dfa22\">\n\t\t\t\t\t\t\t\t\t<\/div>\n\t\t\t\t<div class=\"wpr-slider-next-arrow wpr-slider-arrow\" id=\"wpr-slider-next-69dfa22\">\n\t\t\t\t\t\t\t\t\t<\/div>\n\t\t\t<\/div>\n\t\t\t\n\t\t\t<a class=\"wpr-slider-scroll-btn\" ><\/a>\n\t\t<\/div>\n\t\t\t\t\t\t<\/div>\n\t\t\t\t<\/div>\n\t\t\t\t\t<\/div>\n\t\t<\/div>\n\t\t\t\t\t<\/div>\n\t\t<\/section>\n\t\t\t\t<section class=\"elementor-section elementor-top-section elementor-element elementor-element-575b6f7 elementor-section-boxed elementor-section-height-default elementor-section-height-default wpr-particle-no wpr-jarallax-no wpr-parallax-no wpr-sticky-section-no\" data-id=\"575b6f7\" data-element_type=\"section\">\n\t\t\t\t\t\t<div class=\"elementor-container elementor-column-gap-default\">\n\t\t\t\t\t<div class=\"elementor-column elementor-col-100 elementor-top-column elementor-element elementor-element-738685e\" data-id=\"738685e\" data-element_type=\"column\">\n\t\t\t<div class=\"elementor-widget-wrap elementor-element-populated\">\n\t\t\t\t\t\t<div class=\"elementor-element elementor-element-564b81a elementor-widget elementor-widget-heading\" data-id=\"564b81a\" data-element_type=\"widget\" data-widget_type=\"heading.default\">\n\t\t\t\t<div class=\"elementor-widget-container\">\n\t\t\t\t\t<h2 class=\"elementor-heading-title elementor-size-default\">French artisanal craftsmanship<\/h2>\t\t\t\t<\/div>\n\t\t\t\t<\/div>\n\t\t\t\t<div class=\"elementor-element elementor-element-ef0f459 elementor-widget elementor-widget-text-editor\" data-id=\"ef0f459\" data-element_type=\"widget\" data-widget_type=\"text-editor.default\">\n\t\t\t\t<div class=\"elementor-widget-container\">\n\t\t\t\t\t\t\t\t\t<p data-start=\"110\" data-end=\"564\">In the heart of France, in Ch\u00e2teauroux, our partner workshop embodies the excellence of French artisanal craftsmanship.<\/p>\n<p data-start=\"110\" data-end=\"564\">In this region rich in heritage, our artisans bring Infinity creations to life, combining ancestral techniques, precision, and artistic flair.<\/p>\n<p data-start=\"110\" data-end=\"564\"><br data-start=\"401\" data-end=\"404\" \/>Each piece is crafted with meticulous attention to detail, in keeping with the tradition of luxury leather goods recognized worldwide.<\/p>\t\t\t\t\t\t\t\t<\/div>\n\t\t\t\t<\/div>\n\t\t\t\t\t<\/div>\n\t\t<\/div>\n\t\t\t\t\t<\/div>\n\t\t<\/section>\n\t\t\t\t<section class=\"elementor-section elementor-top-section elementor-element elementor-element-f21c8b8 elementor-section-boxed elementor-section-height-default elementor-section-height-default wpr-particle-no wpr-jarallax-no wpr-parallax-no wpr-sticky-section-no\" data-id=\"f21c8b8\" data-element_type=\"section\">\n\t\t\t\t\t\t<div class=\"elementor-container elementor-column-gap-default\">\n\t\t\t\t\t<div class=\"elementor-column elementor-col-33 elementor-top-column elementor-element elementor-element-1eb5c28\" data-id=\"1eb5c28\" data-element_type=\"column\">\n\t\t\t<div class=\"elementor-widget-wrap elementor-element-populated\">\n\t\t\t\t\t\t<div class=\"elementor-element elementor-element-ab34fa4 elementor-widget elementor-widget-image\" data-id=\"ab34fa4\" data-element_type=\"widget\" data-widget_type=\"image.default\">\n\t\t\t\t<div class=\"elementor-widget-container\">\n\t\t\t\t\t\t\t\t\t\t\t\t\t\t\t<img fetchpriority=\"high\" decoding=\"async\" width=\"960\" height=\"640\" src=\"https:\/\/peuty.fr\/wp-content\/uploads\/2025\/07\/point-sellier-Copie-nb-2-1024x683.jpg\" class=\"attachment-large size-large wp-image-1256\" alt=\"\" srcset=\"https:\/\/peuty.fr\/wp-content\/uploads\/2025\/07\/point-sellier-Copie-nb-2-1024x683.jpg 1024w, https:\/\/peuty.fr\/wp-content\/uploads\/2025\/07\/point-sellier-Copie-nb-2-300x200.jpg 300w, https:\/\/peuty.fr\/wp-content\/uploads\/2025\/07\/point-sellier-Copie-nb-2-768x512.jpg 768w, https:\/\/peuty.fr\/wp-content\/uploads\/2025\/07\/point-sellier-Copie-nb-2-1536x1025.jpg 1536w, https:\/\/peuty.fr\/wp-content\/uploads\/2025\/07\/point-sellier-Copie-nb-2-600x400.jpg 600w, https:\/\/peuty.fr\/wp-content\/uploads\/2025\/07\/point-sellier-Copie-nb-2.jpg 1811w\" sizes=\"(max-width: 960px) 100vw, 960px\" \/>\t\t\t\t\t\t\t\t\t\t\t\t\t\t\t<\/div>\n\t\t\t\t<\/div>\n\t\t\t\t\t<\/div>\n\t\t<\/div>\n\t\t\t\t<div class=\"elementor-column elementor-col-33 elementor-top-column elementor-element elementor-element-ad7054f\" data-id=\"ad7054f\" data-element_type=\"column\">\n\t\t\t<div class=\"elementor-widget-wrap elementor-element-populated\">\n\t\t\t\t\t\t<div class=\"elementor-element elementor-element-1dbd453 elementor-widget elementor-widget-image\" data-id=\"1dbd453\" data-element_type=\"widget\" data-widget_type=\"image.default\">\n\t\t\t\t<div class=\"elementor-widget-container\">\n\t\t\t\t\t\t\t\t\t\t\t\t\t\t\t<img decoding=\"async\" width=\"819\" height=\"542\" src=\"https:\/\/peuty.fr\/wp-content\/uploads\/2025\/07\/Eshange-e1768834832329.jpg\" class=\"attachment-large size-large wp-image-1257\" alt=\"\" srcset=\"https:\/\/peuty.fr\/wp-content\/uploads\/2025\/07\/Eshange-e1768834832329.jpg 819w, https:\/\/peuty.fr\/wp-content\/uploads\/2025\/07\/Eshange-e1768834832329-300x199.jpg 300w, https:\/\/peuty.fr\/wp-content\/uploads\/2025\/07\/Eshange-e1768834832329-768x508.jpg 768w, https:\/\/peuty.fr\/wp-content\/uploads\/2025\/07\/Eshange-e1768834832329-600x397.jpg 600w, https:\/\/peuty.fr\/wp-content\/uploads\/2025\/07\/Eshange-e1768834832329-18x12.jpg 18w\" sizes=\"(max-width: 819px) 100vw, 819px\" \/>\t\t\t\t\t\t\t\t\t\t\t\t\t\t\t<\/div>\n\t\t\t\t<\/div>\n\t\t\t\t\t<\/div>\n\t\t<\/div>\n\t\t\t\t<div class=\"elementor-column elementor-col-33 elementor-top-column elementor-element elementor-element-466290e\" data-id=\"466290e\" data-element_type=\"column\">\n\t\t\t<div class=\"elementor-widget-wrap elementor-element-populated\">\n\t\t\t\t\t\t<div class=\"elementor-element elementor-element-c87f529 elementor-widget elementor-widget-image\" data-id=\"c87f529\" data-element_type=\"widget\" data-widget_type=\"image.default\">\n\t\t\t\t<div class=\"elementor-widget-container\">\n\t\t\t\t\t\t\t\t\t\t\t\t\t\t\t<img decoding=\"async\" width=\"818\" height=\"547\" src=\"https:\/\/peuty.fr\/wp-content\/uploads\/2025\/07\/Eshange7.jpg\" class=\"attachment-large size-large wp-image-1259\" alt=\"\" srcset=\"https:\/\/peuty.fr\/wp-content\/uploads\/2025\/07\/Eshange7.jpg 818w, https:\/\/peuty.fr\/wp-content\/uploads\/2025\/07\/Eshange7-300x201.jpg 300w, https:\/\/peuty.fr\/wp-content\/uploads\/2025\/07\/Eshange7-768x514.jpg 768w, https:\/\/peuty.fr\/wp-content\/uploads\/2025\/07\/Eshange7-600x401.jpg 600w\" sizes=\"(max-width: 818px) 100vw, 818px\" \/>\t\t\t\t\t\t\t\t\t\t\t\t\t\t\t<\/div>\n\t\t\t\t<\/div>\n\t\t\t\t\t<\/div>\n\t\t<\/div>\n\t\t\t\t\t<\/div>\n\t\t<\/section>\n\t\t\t\t<section class=\"elementor-section elementor-top-section elementor-element elementor-element-83c0da8 elementor-section-boxed elementor-section-height-default elementor-section-height-default wpr-particle-no wpr-jarallax-no wpr-parallax-no wpr-sticky-section-no\" data-id=\"83c0da8\" data-element_type=\"section\">\n\t\t\t\t\t\t<div class=\"elementor-container elementor-column-gap-default\">\n\t\t\t\t\t<div class=\"elementor-column elementor-col-100 elementor-top-column elementor-element elementor-element-e908351\" data-id=\"e908351\" data-element_type=\"column\">\n\t\t\t<div class=\"elementor-widget-wrap elementor-element-populated\">\n\t\t\t\t\t\t<div class=\"elementor-element elementor-element-6e94960 elementor-widget elementor-widget-heading\" data-id=\"6e94960\" data-element_type=\"widget\" data-widget_type=\"heading.default\">\n\t\t\t\t<div class=\"elementor-widget-container\">\n\t\t\t\t\t<h2 class=\"elementor-heading-title elementor-size-default\">Technology innovation<\/h2>\t\t\t\t<\/div>\n\t\t\t\t<\/div>\n\t\t\t\t<div class=\"elementor-element elementor-element-e6bc64c elementor-widget elementor-widget-text-editor\" data-id=\"e6bc64c\" data-element_type=\"widget\" data-widget_type=\"text-editor.default\">\n\t\t\t\t<div class=\"elementor-widget-container\">\n\t\t\t\t\t\t\t\t\t<p data-start=\"110\" data-end=\"564\">Because combining tradition and modernity is at the heart of our approach, Infinity also relies on a design office specialized in the integration of cutting-edge technologies<\/p><p data-start=\"110\" data-end=\"564\"><br data-start=\"879\" data-end=\"882\" \/>Our engineers develop and design innovative solutions to bring unique features to life, while ensuring reliability, performance, and compliance with quality standards<\/p><p data-start=\"110\" data-end=\"564\"><br data-start=\"1075\" data-end=\"1078\" \/>This synergy between artisanal savoir-faire and technological innovation makes it possible to create exceptional pieces, both elegant and connected, ready to meet the demands of the modern world.<\/p>\t\t\t\t\t\t\t\t<\/div>\n\t\t\t\t<\/div>\n\t\t\t\t\t<\/div>\n\t\t<\/div>\n\t\t\t\t\t<\/div>\n\t\t<\/section>\n\t\t\t\t<section class=\"elementor-section elementor-top-section elementor-element elementor-element-9b18b27 elementor-section-boxed elementor-section-height-default elementor-section-height-default wpr-particle-no wpr-jarallax-no wpr-parallax-no wpr-sticky-section-no\" data-id=\"9b18b27\" data-element_type=\"section\">\n\t\t\t\t\t\t<div class=\"elementor-container elementor-column-gap-default\">\n\t\t\t\t\t<div class=\"elementor-column elementor-col-33 elementor-top-column elementor-element elementor-element-5a392fa\" data-id=\"5a392fa\" data-element_type=\"column\">\n\t\t\t<div class=\"elementor-widget-wrap elementor-element-populated\">\n\t\t\t\t\t\t<div class=\"elementor-element elementor-element-672ccf4 elementor-widget elementor-widget-image\" data-id=\"672ccf4\" data-element_type=\"widget\" data-widget_type=\"image.default\">\n\t\t\t\t<div class=\"elementor-widget-container\">\n\t\t\t\t\t\t\t\t\t\t\t\t\t\t\t<img loading=\"lazy\" decoding=\"async\" width=\"659\" height=\"445\" src=\"https:\/\/peuty.fr\/wp-content\/uploads\/2025\/07\/eshange3-e1755037857402.jpg\" class=\"attachment-large size-large wp-image-1258\" alt=\"\" srcset=\"https:\/\/peuty.fr\/wp-content\/uploads\/2025\/07\/eshange3-e1755037857402.jpg 659w, https:\/\/peuty.fr\/wp-content\/uploads\/2025\/07\/eshange3-e1755037857402-300x203.jpg 300w, https:\/\/peuty.fr\/wp-content\/uploads\/2025\/07\/eshange3-e1755037857402-600x405.jpg 600w\" sizes=\"(max-width: 659px) 100vw, 659px\" \/>\t\t\t\t\t\t\t\t\t\t\t\t\t\t\t<\/div>\n\t\t\t\t<\/div>\n\t\t\t\t\t<\/div>\n\t\t<\/div>\n\t\t\t\t<div class=\"elementor-column elementor-col-33 elementor-top-column elementor-element elementor-element-2824b62\" data-id=\"2824b62\" data-element_type=\"column\">\n\t\t\t<div class=\"elementor-widget-wrap elementor-element-populated\">\n\t\t\t\t\t\t<div class=\"elementor-element elementor-element-764f487 elementor-widget elementor-widget-image\" data-id=\"764f487\" data-element_type=\"widget\" data-widget_type=\"image.default\">\n\t\t\t\t<div class=\"elementor-widget-container\">\n\t\t\t\t\t\t\t\t\t\t\t\t\t\t\t<img loading=\"lazy\" decoding=\"async\" width=\"960\" height=\"639\" src=\"https:\/\/peuty.fr\/wp-content\/uploads\/2025\/08\/soldering-1038522_1280-1024x682.jpg\" class=\"attachment-large size-large wp-image-2379\" alt=\"\" srcset=\"https:\/\/peuty.fr\/wp-content\/uploads\/2025\/08\/soldering-1038522_1280-1024x682.jpg 1024w, https:\/\/peuty.fr\/wp-content\/uploads\/2025\/08\/soldering-1038522_1280-300x200.jpg 300w, https:\/\/peuty.fr\/wp-content\/uploads\/2025\/08\/soldering-1038522_1280-768x512.jpg 768w, https:\/\/peuty.fr\/wp-content\/uploads\/2025\/08\/soldering-1038522_1280-600x400.jpg 600w, https:\/\/peuty.fr\/wp-content\/uploads\/2025\/08\/soldering-1038522_1280.jpg 1280w\" sizes=\"(max-width: 960px) 100vw, 960px\" \/>\t\t\t\t\t\t\t\t\t\t\t\t\t\t\t<\/div>\n\t\t\t\t<\/div>\n\t\t\t\t\t<\/div>\n\t\t<\/div>\n\t\t\t\t<div class=\"elementor-column elementor-col-33 elementor-top-column elementor-element elementor-element-11f17a9\" data-id=\"11f17a9\" data-element_type=\"column\">\n\t\t\t<div class=\"elementor-widget-wrap elementor-element-populated\">\n\t\t\t\t\t\t<div class=\"elementor-element elementor-element-37605ea elementor-widget elementor-widget-image\" data-id=\"37605ea\" data-element_type=\"widget\" data-widget_type=\"image.default\">\n\t\t\t\t<div class=\"elementor-widget-container\">\n\t\t\t\t\t\t\t\t\t\t\t\t\t\t\t<img loading=\"lazy\" decoding=\"async\" width=\"960\" height=\"639\" src=\"https:\/\/peuty.fr\/wp-content\/uploads\/2025\/08\/code-820275_1280-1024x682.jpg\" class=\"attachment-large size-large wp-image-2380\" alt=\"\" srcset=\"https:\/\/peuty.fr\/wp-content\/uploads\/2025\/08\/code-820275_1280-1024x682.jpg 1024w, https:\/\/peuty.fr\/wp-content\/uploads\/2025\/08\/code-820275_1280-300x200.jpg 300w, https:\/\/peuty.fr\/wp-content\/uploads\/2025\/08\/code-820275_1280-768x512.jpg 768w, https:\/\/peuty.fr\/wp-content\/uploads\/2025\/08\/code-820275_1280-600x400.jpg 600w, https:\/\/peuty.fr\/wp-content\/uploads\/2025\/08\/code-820275_1280.jpg 1280w\" sizes=\"(max-width: 960px) 100vw, 960px\" \/>\t\t\t\t\t\t\t\t\t\t\t\t\t\t\t<\/div>\n\t\t\t\t<\/div>\n\t\t\t\t\t<\/div>\n\t\t<\/div>\n\t\t\t\t\t<\/div>\n\t\t<\/section>\n\t\t\t\t<section class=\"elementor-section elementor-top-section elementor-element elementor-element-e58283b elementor-section-boxed elementor-section-height-default elementor-section-height-default wpr-particle-no wpr-jarallax-no wpr-parallax-no wpr-sticky-section-no\" data-id=\"e58283b\" data-element_type=\"section\">\n\t\t\t\t\t\t<div class=\"elementor-container elementor-column-gap-default\">\n\t\t\t\t\t<div class=\"elementor-column elementor-col-100 elementor-top-column elementor-element elementor-element-f816f3e\" data-id=\"f816f3e\" data-element_type=\"column\">\n\t\t\t<div class=\"elementor-widget-wrap elementor-element-populated\">\n\t\t\t\t\t\t<div class=\"elementor-element elementor-element-2122fc7 elementor-widget elementor-widget-heading\" data-id=\"2122fc7\" data-element_type=\"widget\" data-widget_type=\"heading.default\">\n\t\t\t\t<div class=\"elementor-widget-container\">\n\t\t\t\t\t<h2 class=\"elementor-heading-title elementor-size-default\">Sustainable values<\/h2>\t\t\t\t<\/div>\n\t\t\t\t<\/div>\n\t\t\t\t<div class=\"elementor-element elementor-element-3b6e4bc elementor-widget elementor-widget-text-editor\" data-id=\"3b6e4bc\" data-element_type=\"widget\" data-widget_type=\"text-editor.default\">\n\t\t\t\t<div class=\"elementor-widget-container\">\n\t\t\t\t\t\t\t\t\t<p data-start=\"528\" data-end=\"722\">We place sustainability at the heart of our approach, using responsibly sourced materials and local production methods to minimize our environmental impact.<\/p>\t\t\t\t\t\t\t\t<\/div>\n\t\t\t\t<\/div>\n\t\t\t\t\t<\/div>\n\t\t<\/div>\n\t\t\t\t\t<\/div>\n\t\t<\/section>\n\t\t\t\t<section class=\"elementor-section elementor-top-section elementor-element elementor-element-099b7f8 elementor-section-full_width elementor-section-height-default elementor-section-height-default wpr-particle-no wpr-jarallax-no wpr-parallax-no wpr-sticky-section-no\" data-id=\"099b7f8\" data-element_type=\"section\" data-settings=\"{&quot;background_background&quot;:&quot;classic&quot;}\">\n\t\t\t\t\t\t\t<div class=\"elementor-background-overlay\"><\/div>\n\t\t\t\t\t\t\t<div class=\"elementor-container elementor-column-gap-no\">\n\t\t\t\t\t<div class=\"elementor-column elementor-col-100 elementor-top-column elementor-element elementor-element-ac64ce2\" data-id=\"ac64ce2\" data-element_type=\"column\">\n\t\t\t<div class=\"elementor-widget-wrap\">\n\t\t\t\t\t\t\t<\/div>\n\t\t<\/div>\n\t\t\t\t\t<\/div>\n\t\t<\/section>\n\t\t\t\t<\/div>","protected":false},"excerpt":{"rendered":"<p>Fa\u00e7onner le luxe Durablement Notre atelier situ\u00e9 \u00e0 Ch\u00e2teauroux, en France, perp\u00e9tue la tradition de l\u2019artisanat fran\u00e7ais d\u2019excellence tout en adoptant des pratiques respectueuses de l\u2019environnement. Savoir-faire artisanal fran\u00e7ais Au c\u0153ur de la France, \u00e0 Ch\u00e2teauroux, notre atelier partenaire incarne l\u2019excellence du savoir-faire artisanal fran\u00e7ais. Dans cette r\u00e9gion riche en patrimoine, nos artisans donnent vie aux cr\u00e9ations Infinity, en alliant techniques ancestrales, pr\u00e9cision et sens artistique. Chaque pi\u00e8ce est r\u00e9alis\u00e9e avec une attention m\u00e9ticuleuse aux d\u00e9tails, dans le respect de la tradition de la maroquinerie de luxe reconnue \u00e0 l\u2019international. Innovation technologique Parce qu\u2019allier tradition et modernit\u00e9 est au c\u0153ur de notre d\u00e9marche, Infinity s\u2019appuie \u00e9galement sur un bureau d\u2019\u00e9tude \u00e9lectronique sp\u00e9cialis\u00e9 dans l\u2019int\u00e9gration de technologies de pointe. Nos ing\u00e9nieurs d\u00e9veloppent et con\u00e7oivent des solutions innovantes pour donner vie \u00e0 des fonctionnalit\u00e9s uniques, tout en garantissant fiabilit\u00e9, performance et respect des standards de qualit\u00e9. Cette synergie entre savoir\u2013faire artisanal et innovation technologique permet de cr\u00e9er des pi\u00e8ces d\u2019exception, \u00e0 la fois \u00e9l\u00e9gantes et connect\u00e9es, pr\u00eates \u00e0 r\u00e9pondre aux exigences du monde moderne. Valeurs \u00e9coresponsables Nous pla\u00e7ons la durabilit\u00e9 au c\u0153ur de notre d\u00e9marche, en utilisant des mat\u00e9riaux sourc\u00e9s de mani\u00e8re responsable et des m\u00e9thodes de production locales pour minimiser notre impact environnemental.<\/p>","protected":false},"author":1,"featured_media":0,"parent":0,"menu_order":0,"comment_status":"closed","ping_status":"closed","template":"elementor_canvas","meta":{"footnotes":""},"class_list":["post-1250","page","type-page","status-publish","hentry"],"acf":[],"_links":{"self":[{"href":"https:\/\/peuty.fr\/en\/wp-json\/wp\/v2\/pages\/1250","targetHints":{"allow":["GET"]}}],"collection":[{"href":"https:\/\/peuty.fr\/en\/wp-json\/wp\/v2\/pages"}],"about":[{"href":"https:\/\/peuty.fr\/en\/wp-json\/wp\/v2\/types\/page"}],"author":[{"embeddable":true,"href":"https:\/\/peuty.fr\/en\/wp-json\/wp\/v2\/users\/1"}],"replies":[{"embeddable":true,"href":"https:\/\/peuty.fr\/en\/wp-json\/wp\/v2\/comments?post=1250"}],"version-history":[{"count":32,"href":"https:\/\/peuty.fr\/en\/wp-json\/wp\/v2\/pages\/1250\/revisions"}],"predecessor-version":[{"id":2383,"href":"https:\/\/peuty.fr\/en\/wp-json\/wp\/v2\/pages\/1250\/revisions\/2383"}],"wp:attachment":[{"href":"https:\/\/peuty.fr\/en\/wp-json\/wp\/v2\/media?parent=1250"}],"curies":[{"name":"wp","href":"https:\/\/api.w.org\/{rel}","templated":true}]}}