{"id":2644,"date":"2025-10-06T13:12:38","date_gmt":"2025-10-06T11:12:38","guid":{"rendered":"https:\/\/peuty.fr\/?page_id=2644"},"modified":"2025-10-06T13:48:29","modified_gmt":"2025-10-06T11:48:29","slug":"ces-las-vegas-2026","status":"publish","type":"page","link":"https:\/\/peuty.fr\/en\/ces-las-vegas-2026\/","title":{"rendered":"CES Las Vegas 2026"},"content":{"rendered":"<div data-elementor-type=\"wp-page\" data-elementor-id=\"2644\" class=\"elementor elementor-2644\">\n\t\t\t\t\t\t<section class=\"elementor-section elementor-top-section elementor-element elementor-element-c1cb3b9 elementor-section-height-min-height elementor-section-boxed elementor-section-height-default elementor-section-items-middle wpr-particle-no wpr-jarallax-no wpr-parallax-no wpr-sticky-section-no\" data-id=\"c1cb3b9\" data-element_type=\"section\" data-settings=\"{&quot;background_background&quot;:&quot;classic&quot;}\">\n\t\t\t\t\t\t<div class=\"elementor-container elementor-column-gap-default\">\n\t\t\t\t\t<div class=\"elementor-column elementor-col-100 elementor-top-column elementor-element elementor-element-9948eb3\" data-id=\"9948eb3\" data-element_type=\"column\">\n\t\t\t<div class=\"elementor-widget-wrap\">\n\t\t\t\t\t\t\t<\/div>\n\t\t<\/div>\n\t\t\t\t\t<\/div>\n\t\t<\/section>\n\t\t<div class=\"elementor-element elementor-element-37f68ee e-flex e-con-boxed wpr-particle-no wpr-jarallax-no wpr-parallax-no wpr-sticky-section-no e-con e-parent\" data-id=\"37f68ee\" data-element_type=\"container\">\n\t\t\t\t\t<div class=\"e-con-inner\">\n\t\t\t\t<div class=\"elementor-element elementor-element-e621074 elementor-widget elementor-widget-heading\" data-id=\"e621074\" data-element_type=\"widget\" data-widget_type=\"heading.default\">\n\t\t\t\t<div class=\"elementor-widget-container\">\n\t\t\t\t\t<h2 class=\"elementor-heading-title elementor-size-default\">PEUTY pr\u00e9sentera le sac connect\u00e9 Infinity au CES 2026.<br> Eureka Park, Las Vegas<\/h2>\t\t\t\t<\/div>\n\t\t\t\t<\/div>\n\t\t\t\t<div class=\"elementor-element elementor-element-f3af53e elementor-widget elementor-widget-spacer\" data-id=\"f3af53e\" data-element_type=\"widget\" data-widget_type=\"spacer.default\">\n\t\t\t\t<div class=\"elementor-widget-container\">\n\t\t\t\t\t\t\t<div class=\"elementor-spacer\">\n\t\t\t<div class=\"elementor-spacer-inner\"><\/div>\n\t\t<\/div>\n\t\t\t\t\t\t<\/div>\n\t\t\t\t<\/div>\n\t\t\t\t\t<\/div>\n\t\t\t\t<\/div>\n\t\t\t\t<section class=\"elementor-section elementor-top-section elementor-element elementor-element-6ba5517d3 elementor-section-boxed elementor-section-height-default elementor-section-height-default wpr-particle-no wpr-jarallax-no wpr-parallax-no wpr-sticky-section-no\" data-id=\"6ba5517d3\" data-element_type=\"section\">\n\t\t\t\t\t\t<div class=\"elementor-container elementor-column-gap-default\">\n\t\t\t\t\t<div class=\"elementor-column elementor-col-100 elementor-top-column elementor-element elementor-element-cf20138\" data-id=\"cf20138\" data-element_type=\"column\">\n\t\t\t<div class=\"elementor-widget-wrap elementor-element-populated\">\n\t\t\t\t\t\t<div class=\"elementor-element elementor-element-8b724ad elementor-widget elementor-widget-heading\" data-id=\"8b724ad\" data-element_type=\"widget\" data-widget_type=\"heading.default\">\n\t\t\t\t<div class=\"elementor-widget-container\">\n\t\t\t\t\t<h2 class=\"elementor-heading-title elementor-size-default\">L'innovation fran\u00e7aise \u00e0 l'honneur <\/h2>\t\t\t\t<\/div>\n\t\t\t\t<\/div>\n\t\t\t\t<div class=\"elementor-element elementor-element-58a6fe9 elementor-widget elementor-widget-text-editor\" data-id=\"58a6fe9\" data-element_type=\"widget\" data-widget_type=\"text-editor.default\">\n\t\t\t\t<div class=\"elementor-widget-container\">\n\t\t\t\t\t\t\t\t\t<p>PEUTY a \u00e9t\u00e9 s\u00e9lectionn\u00e9 pour exposer le sac \u00e0 main connect\u00e9 Infinity au <b>CES 2026<\/b> \u00e0 <b>Las Vegas<\/b>, au c\u0153ur de l\u2019<b>Eureka Park<\/b>, la zone d\u00e9di\u00e9e aux startups les plus innovantes au monde.<\/p><p>L<b>e CES (Consumer Electronics Show)<\/b> est le plus grand salon international de la tech, un lieu strat\u00e9gique o\u00f9 se rencontrent i<b>nvestisseurs, m\u00e9dias et leaders mondiaux de l\u2019innovation.<\/b><\/p><p>Infinity, c\u2019est une fusion in\u00e9dite entre mode, technologie et design durable, offrant :<\/p><ul><li><b>Personnalisation instantan\u00e9e<\/b><\/li><li><b>Savoir-faire fran\u00e7ais<\/b><\/li><li><b>Engagement durable<\/b><\/li><li><b>Innovation embarqu\u00e9e<\/b><\/li><li><b>Exp\u00e9rience exclusive<\/b><\/li><\/ul><div><b>\u00a0<\/b><\/div><p>La pr\u00e9sence de PEUTY \u00e0 Eureka Park offre une visibilit\u00e9 internationale unique et confirme le potentiel disruptif d\u2019Infinity dans l\u2019univers de la mode connect\u00e9e.<\/p>\t\t\t\t\t\t\t\t<\/div>\n\t\t\t\t<\/div>\n\t\t\t\t\t<\/div>\n\t\t<\/div>\n\t\t\t\t\t<\/div>\n\t\t<\/section>\n\t\t\t\t<\/div>","protected":false},"excerpt":{"rendered":"<p>PEUTY pr\u00e9sentera le sac connect\u00e9 Infinity au CES 2026. Eureka Park, Las Vegas L&rsquo;innovation fran\u00e7aise \u00e0 l&rsquo;honneur PEUTY a \u00e9t\u00e9 s\u00e9lectionn\u00e9 pour exposer le sac \u00e0 main connect\u00e9 Infinity au CES 2026 \u00e0 Las Vegas, au c\u0153ur de l\u2019Eureka Park, la zone d\u00e9di\u00e9e aux startups les plus innovantes au monde. Le CES (Consumer Electronics Show) est le plus grand salon international de la tech, un lieu strat\u00e9gique o\u00f9 se rencontrent investisseurs, m\u00e9dias et leaders mondiaux de l\u2019innovation. Infinity, c\u2019est une fusion in\u00e9dite entre mode, technologie et design durable, offrant : Personnalisation instantan\u00e9e Savoir-faire fran\u00e7ais Engagement durable Innovation embarqu\u00e9e Exp\u00e9rience exclusive \u00a0 La pr\u00e9sence de PEUTY \u00e0 Eureka Park offre une visibilit\u00e9 internationale unique et confirme le potentiel disruptif d\u2019Infinity dans l\u2019univers de la mode connect\u00e9e.<\/p>","protected":false},"author":1,"featured_media":0,"parent":0,"menu_order":0,"comment_status":"closed","ping_status":"closed","template":"elementor_canvas","meta":{"footnotes":""},"class_list":["post-2644","page","type-page","status-publish","hentry"],"acf":[],"_links":{"self":[{"href":"https:\/\/peuty.fr\/en\/wp-json\/wp\/v2\/pages\/2644","targetHints":{"allow":["GET"]}}],"collection":[{"href":"https:\/\/peuty.fr\/en\/wp-json\/wp\/v2\/pages"}],"about":[{"href":"https:\/\/peuty.fr\/en\/wp-json\/wp\/v2\/types\/page"}],"author":[{"embeddable":true,"href":"https:\/\/peuty.fr\/en\/wp-json\/wp\/v2\/users\/1"}],"replies":[{"embeddable":true,"href":"https:\/\/peuty.fr\/en\/wp-json\/wp\/v2\/comments?post=2644"}],"version-history":[{"count":10,"href":"https:\/\/peuty.fr\/en\/wp-json\/wp\/v2\/pages\/2644\/revisions"}],"predecessor-version":[{"id":2658,"href":"https:\/\/peuty.fr\/en\/wp-json\/wp\/v2\/pages\/2644\/revisions\/2658"}],"wp:attachment":[{"href":"https:\/\/peuty.fr\/en\/wp-json\/wp\/v2\/media?parent=2644"}],"curies":[{"name":"wp","href":"https:\/\/api.w.org\/{rel}","templated":true}]}}